{"id":3169,"date":"2018-02-04T23:27:31","date_gmt":"2018-02-04T14:27:31","guid":{"rendered":"http:\/\/genen2009.cafe24.com\/wp\/?page_id=3169"},"modified":"2022-06-07T21:21:31","modified_gmt":"2022-06-07T12:21:31","slug":"keramisch-gebundene-schleifscheiben","status":"publish","type":"page","link":"https:\/\/www.genentech-abrasives.com\/deutsch\/keramisch-gebundene-schleifscheiben\/","title":{"rendered":"Keramik"},"content":{"rendered":"<div id='sub_menu1'  class='av-submenu-container av-2ltjy9-30d24aee488a7a2c2efcb8ed1f530807 main_color  avia-builder-el-0  el_before_av_slideshow_full  avia-builder-el-first  container_wrap sidebar_right' style='z-index:301' ><div class='container av-menu-mobile-disabled av-submenu-pos-center'><ul id=\"menu-pro\" class=\"av-subnav-menu\"><li role=\"menuitem\" id=\"menu-item-3674\" class=\"menu-item menu-item-type-post_type menu-item-object-page menu-item-top-level menu-item-top-level-1\"><a href=\"https:\/\/www.genentech-abrasives.com\/deutsch\/kunstharz-schleifscheiben\/\" itemprop=\"url\" tabindex=\"0\"><span class=\"avia-bullet\"><\/span><span class=\"avia-menu-text\">Kunstharz<\/span><span class=\"avia-menu-fx\"><span class=\"avia-arrow-wrap\"><span class=\"avia-arrow\"><\/span><\/span><\/span><\/a><\/li>\n<li role=\"menuitem\" id=\"menu-item-3675\" class=\"menu-item menu-item-type-post_type menu-item-object-page menu-item-top-level menu-item-top-level-2\"><a href=\"https:\/\/www.genentech-abrasives.com\/deutsch\/hybrid-schleifscheiben\/\" itemprop=\"url\" tabindex=\"0\"><span class=\"avia-bullet\"><\/span><span class=\"avia-menu-text\">Hybrid<\/span><span class=\"avia-menu-fx\"><span class=\"avia-arrow-wrap\"><span class=\"avia-arrow\"><\/span><\/span><\/span><\/a><\/li>\n<li role=\"menuitem\" id=\"menu-item-3676\" class=\"menu-item menu-item-type-post_type menu-item-object-page menu-item-top-level menu-item-top-level-3\"><a href=\"https:\/\/www.genentech-abrasives.com\/deutsch\/metallgebundene-schleifscheiben\/\" itemprop=\"url\" tabindex=\"0\"><span class=\"avia-bullet\"><\/span><span class=\"avia-menu-text\">Metall<\/span><span class=\"avia-menu-fx\"><span class=\"avia-arrow-wrap\"><span class=\"avia-arrow\"><\/span><\/span><\/span><\/a><\/li>\n<li role=\"menuitem\" id=\"menu-item-3677\" class=\"menu-item menu-item-type-post_type menu-item-object-page menu-item-top-level menu-item-top-level-4\"><a href=\"https:\/\/www.genentech-abrasives.com\/deutsch\/keramisch-gebundene-schleifscheiben\/\" itemprop=\"url\" tabindex=\"0\"><span class=\"avia-bullet\"><\/span><span class=\"avia-menu-text\">Keramik<\/span><span class=\"avia-menu-fx\"><span class=\"avia-arrow-wrap\"><span class=\"avia-arrow\"><\/span><\/span><\/span><\/a><\/li>\n<li role=\"menuitem\" id=\"menu-item-3678\" class=\"menu-item menu-item-type-post_type menu-item-object-page menu-item-top-level menu-item-top-level-5\"><a href=\"https:\/\/www.genentech-abrasives.com\/deutsch\/galvanisierte-schleifscheiben\/\" itemprop=\"url\" tabindex=\"0\"><span class=\"avia-bullet\"><\/span><span class=\"avia-menu-text\">Galvanik<\/span><span class=\"avia-menu-fx\"><span class=\"avia-arrow-wrap\"><span class=\"avia-arrow\"><\/span><\/span><\/span><\/a><\/li>\n<li role=\"menuitem\" id=\"menu-item-3679\" class=\"menu-item menu-item-type-post_type menu-item-object-page menu-item-top-level menu-item-top-level-6\"><a href=\"https:\/\/www.genentech-abrasives.com\/deutsch\/diamant-abrichter\/\" itemprop=\"url\" tabindex=\"0\"><span class=\"avia-bullet\"><\/span><span class=\"avia-menu-text\">Abrichter<\/span><span class=\"avia-menu-fx\"><span class=\"avia-arrow-wrap\"><span class=\"avia-arrow\"><\/span><\/span><\/span><\/a><\/li>\n<li role=\"menuitem\" id=\"menu-item-3680\" class=\"menu-item menu-item-type-post_type menu-item-object-page menu-item-top-level menu-item-top-level-7\"><a href=\"https:\/\/www.genentech-abrasives.com\/deutsch\/konventionelle-schleifscheiben\/\" itemprop=\"url\" tabindex=\"0\"><span class=\"avia-bullet\"><\/span><span class=\"avia-menu-text\">Konventionelle Schleifscheiben<\/span><span class=\"avia-menu-fx\"><span class=\"avia-arrow-wrap\"><span class=\"avia-arrow\"><\/span><\/span><\/span><\/a><\/li>\n<\/ul><\/div><\/div>\n<div id='full_slider_1'  class='avia-fullwidth-slider main_color avia-shadow   avia-builder-el-1  el_after_av_submenu  el_before_av_one_full   slider-not-first container_wrap sidebar_right'  >\n<style type=\"text\/css\" data-created_by=\"avia_inline_auto\" id=\"style-css-av-kjid81-51f7a33b7429936292e207c0ca3c3041\">\n#top #wrap_all .avia-slideshow .av-slideshow-caption.av-kjid81-51f7a33b7429936292e207c0ca3c3041__0 .avia-caption-title{\nfont-size:48px;\ncolor:#020202;\n}\n#top #wrap_all .avia-slideshow .av-slideshow-caption.av-kjid81-51f7a33b7429936292e207c0ca3c3041__1 .avia-caption-title{\nfont-size:48px;\ncolor:#000000;\n}\n#top #wrap_all .avia-slideshow .av-slideshow-caption.av-kjid81-51f7a33b7429936292e207c0ca3c3041__2 .avia-caption-title{\nfont-size:48px;\ncolor:#ffffff;\n}\n#top #wrap_all .avia-slideshow .av-slideshow-caption.av-kjid81-51f7a33b7429936292e207c0ca3c3041__3 .avia-caption-title{\nfont-size:48px;\ncolor:#ffffff;\n}\n#top #wrap_all .avia-slideshow .av-slideshow-caption.av-kjid81-51f7a33b7429936292e207c0ca3c3041__4 .avia-caption-title{\nfont-size:48px;\ncolor:#ffffff;\n}\n<\/style>\n<div  class='avia-slideshow av-kjid81-51f7a33b7429936292e207c0ca3c3041 av-control-minimal avia-slideshow-featured av_slideshow_full avia-fade-slider av-default-height-applied   avia-slideshow-1'  data-size='featured'  data-lightbox_size='large'  data-animation='fade'  data-conditional_play=''  data-ids='3471,3472,3473,3474,3475'  data-video_counter='0'  data-autoplay='true'  data-bg_slider='false'  data-slide_height=''  data-handle='av_slideshow_full'  data-interval='5'  data-class=''  data-extra_class=' '  data-el_id=''  data-css_id=''  data-scroll_down=''  data-control_layout='av-control-minimal'  data-custom_markup=''  data-perma_caption=''  data-autoplay_stopper=''  data-image_attachment=''  data-min_height=''  data-lazy_loading='disabled'  data-default-height='28.666666666667'  data-stretch=''  data-src=''  data-position='top left'  data-repeat='no-repeat'  data-attach='scroll'  data-img_scrset=''  data-av-desktop-hide=''  data-av-medium-hide=''  data-av-small-hide=''  data-av-mini-hide=''  data-id=''  data-custom_class=''  data-template_class=''  data-av_uid='av-kjid81'  data-sc_version='1.0'  data-heading_tag=''  data-heading_class=''   itemprop=\"image\" itemscope=\"itemscope\" itemtype=\"https:\/\/schema.org\/ImageObject\" ><ul class='avia-slideshow-inner ' style='padding-bottom: 28.666666666667%;'><li  class='avia-slideshow-slide av-kjid81-51f7a33b7429936292e207c0ca3c3041__0  slide-1 ' ><div data-rel='slideshow-1' class='avia-slide-wrap '   ><div class='av-slideshow-caption av-kjid81-51f7a33b7429936292e207c0ca3c3041__0 caption_fullwidth caption_left'><div class=\"container caption_container\"><div class=\"slideshow_caption\"><div class=\"slideshow_inner_caption\"><div class=\"slideshow_align_caption\"><h2 class='avia-caption-title '  itemprop=\"name\" >Kunstharz<\/h2><\/div><\/div><\/div><\/div><\/div><img class=\"wp-image-3471 avia-img-lazy-loading-not-3471\"  src=\"https:\/\/www.genentech-abrasives.com\/deutsch\/wp-content\/uploads\/sites\/5\/2018\/03\/tt01-1500x430.jpg\" width=\"1500\" height=\"430\" title='tt01' alt='Kunstharzbindung Schleifscheiben'  itemprop=\"thumbnailUrl\"   \/><div class='av-section-color-overlay' style='opacity: 0.1; background-color: #ffffff; '><\/div><\/div><\/li><li  class='avia-slideshow-slide av-kjid81-51f7a33b7429936292e207c0ca3c3041__1  slide-2 ' ><div data-rel='slideshow-1' class='avia-slide-wrap '   ><div class='av-slideshow-caption av-kjid81-51f7a33b7429936292e207c0ca3c3041__1 caption_fullwidth caption_left'><div class=\"container caption_container\"><div class=\"slideshow_caption\"><div class=\"slideshow_inner_caption\"><div class=\"slideshow_align_caption\"><h2 class='avia-caption-title '  itemprop=\"name\" >Hybrid<\/h2><\/div><\/div><\/div><\/div><\/div><img class=\"wp-image-3472 avia-img-lazy-loading-not-3472\"  src=\"https:\/\/www.genentech-abrasives.com\/deutsch\/wp-content\/uploads\/sites\/5\/2018\/03\/tt02-1500x430.jpg\" width=\"1500\" height=\"430\" title='tt02' alt='Hybrid-Schleifscheiben'  itemprop=\"thumbnailUrl\"   \/><div class='av-section-color-overlay' style='opacity: 0.1; background-color: #ffffff; '><\/div><\/div><\/li><li  class='avia-slideshow-slide av-kjid81-51f7a33b7429936292e207c0ca3c3041__2  slide-3 ' ><div data-rel='slideshow-1' class='avia-slide-wrap '   ><div class='av-slideshow-caption av-kjid81-51f7a33b7429936292e207c0ca3c3041__2 caption_fullwidth caption_left'><div class=\"container caption_container\"><div class=\"slideshow_caption\"><div class=\"slideshow_inner_caption\"><div class=\"slideshow_align_caption\"><h2 class='avia-caption-title '  itemprop=\"name\" >Metall<\/h2><\/div><\/div><\/div><\/div><\/div><img class=\"wp-image-3473 avia-img-lazy-loading-not-3473\"  src=\"https:\/\/www.genentech-abrasives.com\/deutsch\/wp-content\/uploads\/sites\/5\/2018\/03\/tt03-1500x430.jpg\" width=\"1500\" height=\"430\" title='tt03' alt='Metallgebundene Schleifscheiben'  itemprop=\"thumbnailUrl\"   \/><div class='av-section-color-overlay' style='opacity: 0.1; background-color: #000000; '><\/div><\/div><\/li><li  class='avia-slideshow-slide av-kjid81-51f7a33b7429936292e207c0ca3c3041__3  slide-4 ' ><div data-rel='slideshow-1' class='avia-slide-wrap '   ><div class='av-slideshow-caption av-kjid81-51f7a33b7429936292e207c0ca3c3041__3 caption_fullwidth caption_left'><div class=\"container caption_container\"><div class=\"slideshow_caption\"><div class=\"slideshow_inner_caption\"><div class=\"slideshow_align_caption\"><h2 class='avia-caption-title '  itemprop=\"name\" >Keramik<\/h2><\/div><\/div><\/div><\/div><\/div><img class=\"wp-image-3474 avia-img-lazy-loading-not-3474\"  src=\"https:\/\/www.genentech-abrasives.com\/deutsch\/wp-content\/uploads\/sites\/5\/2018\/03\/tt04-1500x430.jpg\" width=\"1500\" height=\"430\" title='tt04' alt='Keramikbindung Schleifscheiben'  itemprop=\"thumbnailUrl\"   \/><div class='av-section-color-overlay' style='opacity: 0.1; background-color: #000000; '><\/div><\/div><\/li><li  class='avia-slideshow-slide av-kjid81-51f7a33b7429936292e207c0ca3c3041__4  slide-5 ' ><div data-rel='slideshow-1' class='avia-slide-wrap '   ><div class='av-slideshow-caption av-kjid81-51f7a33b7429936292e207c0ca3c3041__4 caption_fullwidth caption_left'><div class=\"container caption_container\"><div class=\"slideshow_caption\"><div class=\"slideshow_inner_caption\"><div class=\"slideshow_align_caption\"><h2 class='avia-caption-title '  itemprop=\"name\" >Galvanik<\/h2><\/div><\/div><\/div><\/div><\/div><img class=\"wp-image-3475 avia-img-lazy-loading-not-3475\"  src=\"https:\/\/www.genentech-abrasives.com\/deutsch\/wp-content\/uploads\/sites\/5\/2018\/03\/tt05-1500x430.jpg\" width=\"1500\" height=\"430\" title='tt05' alt='galvanisierte Schleifmittel'  itemprop=\"thumbnailUrl\"   \/><div class='av-section-color-overlay' style='opacity: 0.1; background-color: #000000; '><\/div><\/div><\/li><\/ul><div class='avia-slideshow-arrows avia-slideshow-controls' ><a href='#prev' class='prev-slide ' aria-hidden='true' data-av_icon='\ue87c' data-av_iconfont='entypo-fontello'  tabindex='-1'>Zur\u00fcck<\/a><a href='#next' class='next-slide ' aria-hidden='true' data-av_icon='\ue87d' data-av_iconfont='entypo-fontello'  tabindex='-1'>Weiter<\/a><\/div><div class='avia-slideshow-dots avia-slideshow-controls'><a href='#1' class='goto-slide active' >1<\/a><a href='#2' class='goto-slide ' >2<\/a><a href='#3' class='goto-slide ' >3<\/a><a href='#4' class='goto-slide ' >4<\/a><a href='#5' class='goto-slide ' >5<\/a><\/div><\/div><\/div><div id='after_full_slider_1'  class='main_color av_default_container_wrap container_wrap sidebar_right'  ><div class='container av-section-cont-open' ><div class='template-page content  av-content-small alpha units'><div class='post-entry post-entry-type-page post-entry-3169'><div class='entry-content-wrapper clearfix'>\n\n<style type=\"text\/css\" data-created_by=\"avia_inline_auto\" id=\"style-css-av-a64kwh-094639d61859b208537bec4c01ccc0e0\">\n.flex_column.av-a64kwh-094639d61859b208537bec4c01ccc0e0{\nborder-radius:0px 0px 0px 0px;\n-webkit-border-radius:0px 0px 0px 0px;\n-moz-border-radius:0px 0px 0px 0px;\n}\n<\/style>\n<div class='flex_column av-a64kwh-094639d61859b208537bec4c01ccc0e0 av_one_full  avia-builder-el-2  el_after_av_slideshow_full  el_before_av_one_half  avia-builder-el-first  first flex_column_div av-zero-column-padding '   ><style type=\"text\/css\" data-created_by=\"avia_inline_auto\" id=\"style-css-av-8szw29-5ce6d373e20062a793aa7ced4eedc928\">\n#top .av_textblock_section.av-8szw29-5ce6d373e20062a793aa7ced4eedc928 .avia_textblock{\nfont-size:10px;\n}\n<\/style>\n<section  class='av_textblock_section av-8szw29-5ce6d373e20062a793aa7ced4eedc928'  itemscope=\"itemscope\" itemtype=\"https:\/\/schema.org\/CreativeWork\" ><div class='avia_textblock'  itemprop=\"text\" ><p style=\"text-align: right;\">Home > Produkte > Keramik<\/p>\n<p style=\"text-align: center;\"><span style=\"font-size: 36px; font-weight: 600;\">Keramik <\/span><\/p>\n<\/div><\/section><\/div>\n\n<style type=\"text\/css\" data-created_by=\"avia_inline_auto\" id=\"style-css-av-6youf5-0f50c6d062e110a6df9971d2cae06ceb\">\n.flex_column.av-6youf5-0f50c6d062e110a6df9971d2cae06ceb{\nborder-radius:0px 0px 0px 0px;\n-webkit-border-radius:0px 0px 0px 0px;\n-moz-border-radius:0px 0px 0px 0px;\n}\n<\/style>\n<div class='flex_column av-6youf5-0f50c6d062e110a6df9971d2cae06ceb av_one_half  avia-builder-el-4  el_after_av_one_full  el_before_av_one_half  first flex_column_div av-zero-column-padding column-top-margin'   ><style type=\"text\/css\" data-created_by=\"avia_inline_auto\" id=\"style-css-av-5m4y1d-6a67bb3b7f7886bae95eeaa436c02321\">\n.avia-image-container.av-5m4y1d-6a67bb3b7f7886bae95eeaa436c02321 .av-image-caption-overlay-center{\ncolor:#ffffff;\n}\n<\/style>\n<div  class='avia-image-container av-5m4y1d-6a67bb3b7f7886bae95eeaa436c02321 av-styling- av-hover-grow avia-align-center  avia-builder-el-5  avia-builder-el-no-sibling '  itemprop=\"image\" itemscope=\"itemscope\" itemtype=\"https:\/\/schema.org\/ImageObject\" ><div class=\"avia-image-container-inner\"><div class=\"avia-image-overlay-wrap\"><a href=\"https:\/\/www.genentech-abrasives.com\/deutsch\/wp-content\/uploads\/sites\/5\/2018\/03\/Vitrified.jpg\" data-srcset=\"https:\/\/www.genentech-abrasives.com\/deutsch\/wp-content\/uploads\/sites\/5\/2018\/03\/Vitrified.jpg 800w, https:\/\/www.genentech-abrasives.com\/deutsch\/wp-content\/uploads\/sites\/5\/2018\/03\/Vitrified-300x225.jpg 300w, https:\/\/www.genentech-abrasives.com\/deutsch\/wp-content\/uploads\/sites\/5\/2018\/03\/Vitrified-768x576.jpg 768w, https:\/\/www.genentech-abrasives.com\/deutsch\/wp-content\/uploads\/sites\/5\/2018\/03\/Vitrified-705x529.jpg 705w, https:\/\/www.genentech-abrasives.com\/deutsch\/wp-content\/uploads\/sites\/5\/2018\/03\/Vitrified-450x338.jpg 450w\" data-sizes=\"(max-width: 800px) 100vw, 800px\" class='avia_image' ><img class='wp-image-3754 avia-img-lazy-loading-not-3754 avia_image' src=\"https:\/\/www.genentech-abrasives.com\/deutsch\/wp-content\/uploads\/sites\/5\/2018\/03\/Vitrified.jpg\" alt='Keramikbindung Schleifscheiben' title='Keramikbindung Schleifscheiben'  height=\"600\" width=\"800\"  itemprop=\"thumbnailUrl\" srcset=\"https:\/\/www.genentech-abrasives.com\/deutsch\/wp-content\/uploads\/sites\/5\/2018\/03\/Vitrified.jpg 800w, https:\/\/www.genentech-abrasives.com\/deutsch\/wp-content\/uploads\/sites\/5\/2018\/03\/Vitrified-300x225.jpg 300w, https:\/\/www.genentech-abrasives.com\/deutsch\/wp-content\/uploads\/sites\/5\/2018\/03\/Vitrified-768x576.jpg 768w, https:\/\/www.genentech-abrasives.com\/deutsch\/wp-content\/uploads\/sites\/5\/2018\/03\/Vitrified-705x529.jpg 705w, https:\/\/www.genentech-abrasives.com\/deutsch\/wp-content\/uploads\/sites\/5\/2018\/03\/Vitrified-450x338.jpg 450w\" sizes=\"(max-width: 800px) 100vw, 800px\" \/><\/a><\/div><\/div><\/div><\/div>\n<style type=\"text\/css\" data-created_by=\"avia_inline_auto\" id=\"style-css-av-4ddks1-fab5b386d3acf0ba4702e623ea08f66b\">\n.flex_column.av-4ddks1-fab5b386d3acf0ba4702e623ea08f66b{\nborder-radius:0px 0px 0px 0px;\n-webkit-border-radius:0px 0px 0px 0px;\n-moz-border-radius:0px 0px 0px 0px;\n}\n<\/style>\n<div class='flex_column av-4ddks1-fab5b386d3acf0ba4702e623ea08f66b av_one_half  avia-builder-el-6  el_after_av_one_half  avia-builder-el-last  flex_column_div av-zero-column-padding column-top-margin'   ><section  class='av_textblock_section av-bhy4x-0d6849e5d56eb68d9e7d1c160b3cc0ce'  itemscope=\"itemscope\" itemtype=\"https:\/\/schema.org\/CreativeWork\" ><div class='avia_textblock'  itemprop=\"text\" ><p>Die Keramikbindung Schleifscheiben besitzt durch ihre hohe Porosit\u00e4t eine ausgezeichnete Schnittigkeit.<br \/>\nDie por\u00f6sen Strukturen senken die Schleiftemperaturen und die Belastung f\u00fcr die geschliffenen Bauteile. Dadurch lassen sich exzellente Schleifergebnisse auf verschiedenen Materialien erzielen.<br \/>\n<strong>(Genentech GV Serie)<\/strong><\/p>\n<ul>\n<li><strong>Eigenschaften<\/strong><br \/>\nHohe Standzeit sowie k\u00fchler Schliff und hohe Schnittigkeit.<\/li>\n<\/ul>\n<ul>\n<li><strong>Anwendungen<\/strong><br \/>\nEisenwerkstoffe f\u00fcr die Automobilindustrie, Keramik, PKD &amp; PCBN Bearbeitung.<\/li>\n<\/ul>\n<\/div><\/section><\/div><\/p>\n","protected":false},"excerpt":{"rendered":"","protected":false},"author":1,"featured_media":0,"parent":0,"menu_order":0,"comment_status":"closed","ping_status":"closed","template":"","meta":[],"yoast_head":"<!-- This site is optimized with the Yoast SEO plugin v18.6 - https:\/\/yoast.com\/wordpress\/plugins\/seo\/ -->\n<title>Keramisch gebundene Schleifscheiben | Genentech Co., Ltd.<\/title>\n<meta name=\"description\" content=\"Die Keramikbindung Schleifscheiben besitzt durch ihre hohe Porosit\u00e4t eine ausgezeichnete Schnittigkeit. Verf\u00fcgbar f\u00fcr Eisenwerkstoffe f\u00fcr die Automobilindustrie, Keramik, PKD &amp; PCBN Bearbeitung.\" \/>\n<meta name=\"robots\" content=\"index, follow, max-snippet:-1, max-image-preview:large, max-video-preview:-1\" \/>\n<link rel=\"canonical\" href=\"https:\/\/www.genentech-abrasives.com\/deutsch\/keramisch-gebundene-schleifscheiben\/\" \/>\n<meta property=\"og:locale\" content=\"de_DE\" \/>\n<meta property=\"og:type\" content=\"article\" \/>\n<meta property=\"og:title\" content=\"Keramisch gebundene Schleifscheiben | Genentech Co., Ltd.\" \/>\n<meta property=\"og:description\" content=\"Die Keramikbindung Schleifscheiben besitzt durch ihre hohe Porosit\u00e4t eine ausgezeichnete Schnittigkeit. Verf\u00fcgbar f\u00fcr Eisenwerkstoffe f\u00fcr die Automobilindustrie, Keramik, PKD &amp; PCBN Bearbeitung.\" \/>\n<meta property=\"og:url\" content=\"https:\/\/www.genentech-abrasives.com\/deutsch\/keramisch-gebundene-schleifscheiben\/\" \/>\n<meta property=\"og:site_name\" content=\"Diamantschleifscheiben und CBN-Schleifscheiben Hersteller | Genentech\" \/>\n<meta property=\"article:modified_time\" content=\"2022-06-07T12:21:31+00:00\" \/>\n<meta name=\"twitter:card\" content=\"summary_large_image\" \/>\n<meta name=\"twitter:label1\" content=\"Gesch\u00e4tzte Lesezeit\" \/>\n\t<meta name=\"twitter:data1\" content=\"3\u00a0Minuten\" \/>\n<script type=\"application\/ld+json\" class=\"yoast-schema-graph\">{\"@context\":\"https:\/\/schema.org\",\"@graph\":[{\"@type\":\"WebSite\",\"@id\":\"https:\/\/www.genentech-abrasives.com\/deutsch\/#website\",\"url\":\"https:\/\/www.genentech-abrasives.com\/deutsch\/\",\"name\":\"Diamantschleifscheiben und CBN-Schleifscheiben Hersteller | Genentech\",\"description\":\"GENENTECH || DIAMOND&amp;CBN WHEELS\",\"potentialAction\":[{\"@type\":\"SearchAction\",\"target\":{\"@type\":\"EntryPoint\",\"urlTemplate\":\"https:\/\/www.genentech-abrasives.com\/deutsch\/?s={search_term_string}\"},\"query-input\":\"required name=search_term_string\"}],\"inLanguage\":\"de\"},{\"@type\":\"WebPage\",\"@id\":\"https:\/\/www.genentech-abrasives.com\/deutsch\/keramisch-gebundene-schleifscheiben\/#webpage\",\"url\":\"https:\/\/www.genentech-abrasives.com\/deutsch\/keramisch-gebundene-schleifscheiben\/\",\"name\":\"Keramisch gebundene Schleifscheiben | Genentech Co., Ltd.\",\"isPartOf\":{\"@id\":\"https:\/\/www.genentech-abrasives.com\/deutsch\/#website\"},\"datePublished\":\"2018-02-04T14:27:31+00:00\",\"dateModified\":\"2022-06-07T12:21:31+00:00\",\"description\":\"Die Keramikbindung Schleifscheiben besitzt durch ihre hohe Porosit\u00e4t eine ausgezeichnete Schnittigkeit. Verf\u00fcgbar f\u00fcr Eisenwerkstoffe f\u00fcr die Automobilindustrie, Keramik, PKD & PCBN Bearbeitung.\",\"breadcrumb\":{\"@id\":\"https:\/\/www.genentech-abrasives.com\/deutsch\/keramisch-gebundene-schleifscheiben\/#breadcrumb\"},\"inLanguage\":\"de\",\"potentialAction\":[{\"@type\":\"ReadAction\",\"target\":[\"https:\/\/www.genentech-abrasives.com\/deutsch\/keramisch-gebundene-schleifscheiben\/\"]}]},{\"@type\":\"BreadcrumbList\",\"@id\":\"https:\/\/www.genentech-abrasives.com\/deutsch\/keramisch-gebundene-schleifscheiben\/#breadcrumb\",\"itemListElement\":[{\"@type\":\"ListItem\",\"position\":1,\"name\":\"Home\",\"item\":\"https:\/\/www.genentech-abrasives.com\/deutsch\/home\/\"},{\"@type\":\"ListItem\",\"position\":2,\"name\":\"Keramik\"}]}]}<\/script>\n<!-- \/ Yoast SEO plugin. -->","yoast_head_json":{"title":"Keramisch gebundene Schleifscheiben | Genentech Co., Ltd.","description":"Die Keramikbindung Schleifscheiben besitzt durch ihre hohe Porosit\u00e4t eine ausgezeichnete Schnittigkeit. Verf\u00fcgbar f\u00fcr Eisenwerkstoffe f\u00fcr die Automobilindustrie, Keramik, PKD & PCBN Bearbeitung.","robots":{"index":"index","follow":"follow","max-snippet":"max-snippet:-1","max-image-preview":"max-image-preview:large","max-video-preview":"max-video-preview:-1"},"canonical":"https:\/\/www.genentech-abrasives.com\/deutsch\/keramisch-gebundene-schleifscheiben\/","og_locale":"de_DE","og_type":"article","og_title":"Keramisch gebundene Schleifscheiben | Genentech Co., Ltd.","og_description":"Die Keramikbindung Schleifscheiben besitzt durch ihre hohe Porosit\u00e4t eine ausgezeichnete Schnittigkeit. Verf\u00fcgbar f\u00fcr Eisenwerkstoffe f\u00fcr die Automobilindustrie, Keramik, PKD & PCBN Bearbeitung.","og_url":"https:\/\/www.genentech-abrasives.com\/deutsch\/keramisch-gebundene-schleifscheiben\/","og_site_name":"Diamantschleifscheiben und CBN-Schleifscheiben Hersteller | Genentech","article_modified_time":"2022-06-07T12:21:31+00:00","twitter_card":"summary_large_image","twitter_misc":{"Gesch\u00e4tzte Lesezeit":"3\u00a0Minuten"},"schema":{"@context":"https:\/\/schema.org","@graph":[{"@type":"WebSite","@id":"https:\/\/www.genentech-abrasives.com\/deutsch\/#website","url":"https:\/\/www.genentech-abrasives.com\/deutsch\/","name":"Diamantschleifscheiben und CBN-Schleifscheiben Hersteller | Genentech","description":"GENENTECH || DIAMOND&amp;CBN WHEELS","potentialAction":[{"@type":"SearchAction","target":{"@type":"EntryPoint","urlTemplate":"https:\/\/www.genentech-abrasives.com\/deutsch\/?s={search_term_string}"},"query-input":"required name=search_term_string"}],"inLanguage":"de"},{"@type":"WebPage","@id":"https:\/\/www.genentech-abrasives.com\/deutsch\/keramisch-gebundene-schleifscheiben\/#webpage","url":"https:\/\/www.genentech-abrasives.com\/deutsch\/keramisch-gebundene-schleifscheiben\/","name":"Keramisch gebundene Schleifscheiben | Genentech Co., Ltd.","isPartOf":{"@id":"https:\/\/www.genentech-abrasives.com\/deutsch\/#website"},"datePublished":"2018-02-04T14:27:31+00:00","dateModified":"2022-06-07T12:21:31+00:00","description":"Die Keramikbindung Schleifscheiben besitzt durch ihre hohe Porosit\u00e4t eine ausgezeichnete Schnittigkeit. Verf\u00fcgbar f\u00fcr Eisenwerkstoffe f\u00fcr die Automobilindustrie, Keramik, PKD & PCBN Bearbeitung.","breadcrumb":{"@id":"https:\/\/www.genentech-abrasives.com\/deutsch\/keramisch-gebundene-schleifscheiben\/#breadcrumb"},"inLanguage":"de","potentialAction":[{"@type":"ReadAction","target":["https:\/\/www.genentech-abrasives.com\/deutsch\/keramisch-gebundene-schleifscheiben\/"]}]},{"@type":"BreadcrumbList","@id":"https:\/\/www.genentech-abrasives.com\/deutsch\/keramisch-gebundene-schleifscheiben\/#breadcrumb","itemListElement":[{"@type":"ListItem","position":1,"name":"Home","item":"https:\/\/www.genentech-abrasives.com\/deutsch\/home\/"},{"@type":"ListItem","position":2,"name":"Keramik"}]}]}},"_links":{"self":[{"href":"https:\/\/www.genentech-abrasives.com\/deutsch\/wp-json\/wp\/v2\/pages\/3169"}],"collection":[{"href":"https:\/\/www.genentech-abrasives.com\/deutsch\/wp-json\/wp\/v2\/pages"}],"about":[{"href":"https:\/\/www.genentech-abrasives.com\/deutsch\/wp-json\/wp\/v2\/types\/page"}],"author":[{"embeddable":true,"href":"https:\/\/www.genentech-abrasives.com\/deutsch\/wp-json\/wp\/v2\/users\/1"}],"replies":[{"embeddable":true,"href":"https:\/\/www.genentech-abrasives.com\/deutsch\/wp-json\/wp\/v2\/comments?post=3169"}],"version-history":[{"count":6,"href":"https:\/\/www.genentech-abrasives.com\/deutsch\/wp-json\/wp\/v2\/pages\/3169\/revisions"}],"predecessor-version":[{"id":4142,"href":"https:\/\/www.genentech-abrasives.com\/deutsch\/wp-json\/wp\/v2\/pages\/3169\/revisions\/4142"}],"wp:attachment":[{"href":"https:\/\/www.genentech-abrasives.com\/deutsch\/wp-json\/wp\/v2\/media?parent=3169"}],"curies":[{"name":"wp","href":"https:\/\/api.w.org\/{rel}","templated":true}]}}